{"id":10,"date":"2014-11-14T09:28:17","date_gmt":"2014-11-14T08:28:17","guid":{"rendered":"http:\/\/www.jerkasmarknad.se\/seo\/?page_id=10"},"modified":"2025-04-02T12:35:13","modified_gmt":"2025-04-02T10:35:13","slug":"personalia","status":"publish","type":"page","link":"https:\/\/www.jerkasmarknad.se\/seo\/personalia\/","title":{"rendered":"Personalia"},"content":{"rendered":"\n<figure class=\"wp-block-image size-full\"><a href=\"https:\/\/www.jerkasmarknad.se\/seo\/wp-content\/uploads\/2025\/04\/flarr10s.jpg\"><img loading=\"lazy\" decoding=\"async\" width=\"343\" height=\"480\" src=\"https:\/\/www.jerkasmarknad.se\/seo\/wp-content\/uploads\/2025\/04\/flarr10s.jpg\" alt=\"\" class=\"wp-image-145\" srcset=\"https:\/\/www.jerkasmarknad.se\/seo\/wp-content\/uploads\/2025\/04\/flarr10s.jpg 343w, https:\/\/www.jerkasmarknad.se\/seo\/wp-content\/uploads\/2025\/04\/flarr10s-214x300.jpg 214w\" sizes=\"auto, (max-width: 343px) 100vw, 343px\" \/><\/a><\/figure>\n\n\n<h2>Jobbs\u00f6k som attributmakare<\/h2>\n<p>&nbsp;<\/p>\n<p>Jag st\u00e5r till arbetsmarknadens f\u00f6rfogande och f\u00e5r jag ett anbud sl\u00e5r jag till direkt.<br \/>\nSpecialiteter: Snabb tillverkning av rekvisita. Fr\u00e4mst &#8221;friggo&#8221;, skumplast, tr\u00e4 och skivmaterial.<br \/>\nSticks\u00e5gs o elfilsn\u00f6rd. Bra p\u00e5 sammanfogningar. Duktig p\u00e5 patinering.<br \/>\nSamarbetsvillig och lyh\u00f6rd g\u00e4llande probleml\u00f6sning av konstruktioner.<br \/>\nFantasifull id\u00e9sprutare.<\/p>","protected":false},"excerpt":{"rendered":"<p>Jobbs\u00f6k som attributmakare &nbsp; Jag st\u00e5r till arbetsmarknadens f\u00f6rfogande och f\u00e5r jag ett anbud sl\u00e5r jag till direkt. Specialiteter: Snabb tillverkning av rekvisita. Fr\u00e4mst &#8221;friggo&#8221;, skumplast, tr\u00e4 och skivmaterial. Sticks\u00e5gs o elfilsn\u00f6rd. Bra p\u00e5 sammanfogningar. Duktig p\u00e5 patinering. Samarbetsvillig och lyh\u00f6rd g\u00e4llande probleml\u00f6sning av konstruktioner. Fantasifull id\u00e9sprutare.<\/p>\n","protected":false},"author":1,"featured_media":0,"parent":0,"menu_order":0,"comment_status":"open","ping_status":"open","template":"","meta":{"footnotes":""},"class_list":["post-10","page","type-page","status-publish","hentry"],"_links":{"self":[{"href":"https:\/\/www.jerkasmarknad.se\/seo\/wp-json\/wp\/v2\/pages\/10","targetHints":{"allow":["GET"]}}],"collection":[{"href":"https:\/\/www.jerkasmarknad.se\/seo\/wp-json\/wp\/v2\/pages"}],"about":[{"href":"https:\/\/www.jerkasmarknad.se\/seo\/wp-json\/wp\/v2\/types\/page"}],"author":[{"embeddable":true,"href":"https:\/\/www.jerkasmarknad.se\/seo\/wp-json\/wp\/v2\/users\/1"}],"replies":[{"embeddable":true,"href":"https:\/\/www.jerkasmarknad.se\/seo\/wp-json\/wp\/v2\/comments?post=10"}],"version-history":[{"count":3,"href":"https:\/\/www.jerkasmarknad.se\/seo\/wp-json\/wp\/v2\/pages\/10\/revisions"}],"predecessor-version":[{"id":147,"href":"https:\/\/www.jerkasmarknad.se\/seo\/wp-json\/wp\/v2\/pages\/10\/revisions\/147"}],"wp:attachment":[{"href":"https:\/\/www.jerkasmarknad.se\/seo\/wp-json\/wp\/v2\/media?parent=10"}],"curies":[{"name":"wp","href":"https:\/\/api.w.org\/{rel}","templated":true}]}}